{"id":1227,"date":"2025-02-21T16:33:05","date_gmt":"2025-02-21T14:33:05","guid":{"rendered":"https:\/\/desconnecta.lampli.com\/?page_id=1227"},"modified":"2025-03-06T13:13:18","modified_gmt":"2025-03-06T11:13:18","slug":"artistes","status":"publish","type":"page","link":"https:\/\/desconnecta.lampli.com\/index.php\/artistes\/","title":{"rendered":"ARTISTES"},"content":{"rendered":"\n<div class=\"wp-block-columns is-layout-flex wp-container-core-columns-is-layout-9d6595d7 wp-block-columns-is-layout-flex\">\n<div class=\"wp-block-column is-layout-flow wp-block-column-is-layout-flow\" style=\"flex-basis:66.66%\">\n<p>Les i els artistes interessats a participar en la Mostra Desconnecta poden inscriure&#8217;s a trav\u00e9s d&#8217;un <a href=\"http:\/\/www.desconnecta.cat\/index.php\/inscripcio\/\" data-type=\"page\" data-id=\"22\">formulari en l\u00ednia<\/a>, on compartiran les seves dades i informaci\u00f3 sobre el seu projecte musical. Aquesta inscripci\u00f3 est\u00e0 oberta a artistes de menys de 30 anys (si us plau, llegiu atentament les <a href=\"http:\/\/www.desconnecta.cat\/index.php\/bases\/\" data-type=\"page\" data-id=\"17\">bases<\/a>) que busquen visibilitat i l&#8217;oportunitat de mostrar la seva m\u00fasica en un espai destacat al centre de Barcelona.<\/p>\n<\/div>\n\n\n\n<div class=\"wp-block-column is-layout-flow wp-block-column-is-layout-flow\" style=\"flex-basis:33.33%\">\n<figure class=\"wp-block-image size-full\"><img data-recalc-dims=\"1\" loading=\"lazy\" decoding=\"async\" width=\"640\" height=\"633\" src=\"https:\/\/i0.wp.com\/desconnecta.lampli.com\/wp-content\/uploads\/2025\/02\/micro.png?resize=640%2C633&#038;ssl=1\" alt=\"\" class=\"wp-image-1346\" srcset=\"https:\/\/i0.wp.com\/desconnecta.lampli.com\/wp-content\/uploads\/2025\/02\/micro.png?w=667&amp;ssl=1 667w, https:\/\/i0.wp.com\/desconnecta.lampli.com\/wp-content\/uploads\/2025\/02\/micro.png?resize=300%2C297&amp;ssl=1 300w, https:\/\/i0.wp.com\/desconnecta.lampli.com\/wp-content\/uploads\/2025\/02\/micro.png?resize=500%2C495&amp;ssl=1 500w\" sizes=\"auto, (max-width: 640px) 100vw, 640px\" \/><\/figure>\n<\/div>\n<\/div>\n\n\n\n<p><br>Un comit\u00e8 d&#8217;experts, format per professionals del sector musical, s&#8217;encarrega de seleccionar les 7-8 propostes que participaran en l\u2019edici\u00f3. El comit\u00e8 valora aspectes com la qualitat sonora, les lletres, la creativitat i la capacitat d&#8217;impacte. L&#8217;objectiu \u00e9s garantir que els artistes escollits tinguin una proposta s\u00f2lida i aut\u00e8ntica, representant una mostra de la m\u00fasica jove emergent que mereix ser visibilitzada.<\/p>\n\n\n\n<p><br>El Desconnecta vol ser una empenta per als joves talents musicals, oferint-los una plataforma de visibilitat i un espai per connectar amb el p\u00fablic i professionals del sector. Participar-hi \u00e9s una oportunitat per mostrar la seva m\u00fasica, rebre un feedback valu\u00f3s, aprendre del jurat, establir connexions i cr\u00e9ixer en un entorn din\u00e0mic i professional. A m\u00e9s, aquesta mostra ofereix als artistes l\u2019oportunitat de con\u00e8ixer d&#8217;altres i crear xarxes de col\u00b7laboraci\u00f3 que poden ser decisives pel seu futur a la ind\u00fastria musical.<\/p>\n\n\n\n<p>La jornada comen\u00e7a amb les proves de so al mat\u00ed, un moment essencial per ajustar el directe i garantir que cada actuaci\u00f3 soni al m\u00e0xim. Al migdia, tots els participants es reuneixen en un dinar conjunt organitzat per l\u2019esdeveniment. Artistes, jurat i voluntaris comparteixen un \u00e0pat que fomenta un ambient m\u00e9s dist\u00e8s i de col\u00b7laboraci\u00f3. \u00c9s el moment perfecte per crear complicitats i intercanviar impressions en un espai informal.<\/p>\n\n\n\n<div class=\"wp-block-columns is-layout-flex wp-container-core-columns-is-layout-9d6595d7 wp-block-columns-is-layout-flex\">\n<div class=\"wp-block-column is-layout-flow wp-block-column-is-layout-flow\" style=\"flex-basis:33.33%\">\n<figure class=\"wp-block-image size-large\"><img data-recalc-dims=\"1\" loading=\"lazy\" decoding=\"async\" width=\"640\" height=\"833\" src=\"https:\/\/i0.wp.com\/desconnecta.lampli.com\/wp-content\/uploads\/2025\/02\/espai_cafe.png?resize=640%2C833\" alt=\"\" class=\"wp-image-1343\" srcset=\"https:\/\/i0.wp.com\/desconnecta.lampli.com\/wp-content\/uploads\/2025\/02\/espai_cafe.png?resize=787%2C1024&amp;ssl=1 787w, https:\/\/i0.wp.com\/desconnecta.lampli.com\/wp-content\/uploads\/2025\/02\/espai_cafe.png?resize=231%2C300&amp;ssl=1 231w, https:\/\/i0.wp.com\/desconnecta.lampli.com\/wp-content\/uploads\/2025\/02\/espai_cafe.png?resize=768%2C1000&amp;ssl=1 768w, https:\/\/i0.wp.com\/desconnecta.lampli.com\/wp-content\/uploads\/2025\/02\/espai_cafe.png?resize=1180%2C1536&amp;ssl=1 1180w, https:\/\/i0.wp.com\/desconnecta.lampli.com\/wp-content\/uploads\/2025\/02\/espai_cafe.png?resize=1574%2C2048&amp;ssl=1 1574w, https:\/\/i0.wp.com\/desconnecta.lampli.com\/wp-content\/uploads\/2025\/02\/espai_cafe.png?resize=500%2C651&amp;ssl=1 500w, https:\/\/i0.wp.com\/desconnecta.lampli.com\/wp-content\/uploads\/2025\/02\/espai_cafe.png?resize=800%2C1041&amp;ssl=1 800w, https:\/\/i0.wp.com\/desconnecta.lampli.com\/wp-content\/uploads\/2025\/02\/espai_cafe.png?resize=1280%2C1666&amp;ssl=1 1280w, https:\/\/i0.wp.com\/desconnecta.lampli.com\/wp-content\/uploads\/2025\/02\/espai_cafe.png?w=1672&amp;ssl=1 1672w\" sizes=\"auto, (max-width: 640px) 100vw, 640px\" \/><\/figure>\n<\/div>\n\n\n\n<div class=\"wp-block-column is-layout-flow wp-block-column-is-layout-flow\" style=\"flex-basis:66.66%\">\n<p><br>Despr\u00e9s del dinar, es crea l\u2019\u2018Espai Caf\u00e8\u2019, on els artistes poden interactuar amb els <a href=\"http:\/\/www.desconnecta.cat\/index.php\/el-jurat\/\" data-type=\"page\" data-id=\"144\">membres del jurat<\/a>, compartir impressions sobre les seves propostes musicals i, sobretot, intercanviar idees i establir connexions entre bandes. Aquest espai facilita la creaci\u00f3 de col\u00b7laboracions futures i pot ser fonamental per obrir noves portes als artistes emergents.<\/p>\n<\/div>\n<\/div>\n\n\n\n<p>El Desconnecta no \u00e9s nom\u00e9s un esdeveniment per tocar m\u00fasica, sin\u00f3 un espai on els joves artistes poden aprendre, cr\u00e9ixer i connectar amb la ind\u00fastria musical, amb una especial aposta pel talent jove i la m\u00fasica en femen\u00ed. Un punt de partida per aquells que volen fer-se un lloc a l\u2019escena musical, expandir el seu p\u00fablic i explorar noves oportunitats.<\/p>\n\n\n<div style=\"gap: 20px;\" class=\"align-button-center ub-buttons orientation-button-row ub-flex-wrap wp-block-ub-button\" id=\"ub-button-de00c67e-34bc-4ead-a85e-6a029de6d6d4\"><div class=\"ub-button-container\">\n\t\t\t<a href=\"http:\/\/www.desconnecta.cat\/index.php\" target=\"_self\" class=\"ub-button-block-main  \" role=\"button\" style=\"--ub-button-background-color: #fd2017; --ub-button-color: #ffffff; --ub-button-border: none; --ub-button-hover-background-color: #313131; --ub-button-hover-color: #ffffff; --ub-button-hover-border: none; padding-top: 10px; padding-right: 10px; padding-bottom: 10px; padding-left: 10px; border-top-left-radius: 0px;; border-top-right-radius: 0px;; border-bottom-left-radius: 0px;; border-bottom-right-radius: 0px;; \">\n\t\t\t\t<div class=\"ub-button-content-holder\" style=\"flex-direction: row\">\n\t\t\t\t\t<span class=\"ub-button-block-btn\">INICI<\/span>\n\t\t\t\t<\/div>\n\t\t\t<\/a>\n\t\t<\/div><div class=\"ub-button-container\">\n\t\t\t<a href=\"http:\/\/www.desconnecta.cat\/index.php\/bases\/\" target=\"_self\" rel=\"nofollow\" class=\"ub-button-block-main  \" role=\"button\" style=\"--ub-button-background-color: #fd2017; --ub-button-color: #ffffff; --ub-button-border: none; --ub-button-hover-background-color: #313131; --ub-button-hover-color: #ffffff; --ub-button-hover-border: none; padding-top: 10px; padding-right: 10px; padding-bottom: 10px; padding-left: 10px; border-top-left-radius: 0px;; border-top-right-radius: 0px;; border-bottom-left-radius: 0px;; border-bottom-right-radius: 0px;; \">\n\t\t\t\t<div class=\"ub-button-content-holder\" style=\"flex-direction: row\">\n\t\t\t\t\t<span class=\"ub-button-block-btn\">INSCRIPCI\u00d3<\/span>\n\t\t\t\t<\/div>\n\t\t\t<\/a>\n\t\t<\/div><\/div>","protected":false},"excerpt":{"rendered":"<p>Les i els artistes interessats a participar en la Mostra Desconnecta poden inscriure&#8217;s a trav\u00e9s d&#8217;un formulari en l\u00ednia, on compartiran les seves dades i informaci\u00f3 sobre el seu projecte musical. Aquesta inscripci\u00f3 est\u00e0 oberta a artistes de menys de 30 anys (si us plau, llegiu atentament les bases) que busquen visibilitat i l&#8217;oportunitat de [&hellip;]<\/p>\n","protected":false},"author":1,"featured_media":0,"parent":0,"menu_order":0,"comment_status":"closed","ping_status":"closed","template":"","meta":{"_uag_custom_page_level_css":"","_monsterinsights_skip_tracking":false,"_monsterinsights_sitenote_active":false,"_monsterinsights_sitenote_note":"","_monsterinsights_sitenote_category":0,"footnotes":""},"class_list":["post-1227","page","type-page","status-publish","hentry"],"featured_image_src":null,"uagb_featured_image_src":{"full":false,"thumbnail":false,"medium":false,"medium_large":false,"large":false,"1536x1536":false,"2048x2048":false,"masteriyo_single":false,"masteriyo_thumbnail":false,"masteriyo_medium":false,"awb_sm":false,"awb_md":false,"awb_lg":false,"awb_xl":false},"uagb_author_info":{"display_name":"areuss","author_link":"https:\/\/desconnecta.lampli.com\/index.php\/author\/areuss\/"},"uagb_comment_info":0,"uagb_excerpt":"Les i els artistes interessats a participar en la Mostra Desconnecta poden inscriure&#8217;s a trav\u00e9s d&#8217;un formulari en l\u00ednia, on compartiran les seves dades i informaci\u00f3 sobre el seu projecte musical. Aquesta inscripci\u00f3 est\u00e0 oberta a artistes de menys de 30 anys (si us plau, llegiu atentament les bases) que busquen visibilitat i l&#8217;oportunitat de&hellip;","jetpack_sharing_enabled":true,"_links":{"self":[{"href":"https:\/\/desconnecta.lampli.com\/index.php\/wp-json\/wp\/v2\/pages\/1227","targetHints":{"allow":["GET"]}}],"collection":[{"href":"https:\/\/desconnecta.lampli.com\/index.php\/wp-json\/wp\/v2\/pages"}],"about":[{"href":"https:\/\/desconnecta.lampli.com\/index.php\/wp-json\/wp\/v2\/types\/page"}],"author":[{"embeddable":true,"href":"https:\/\/desconnecta.lampli.com\/index.php\/wp-json\/wp\/v2\/users\/1"}],"replies":[{"embeddable":true,"href":"https:\/\/desconnecta.lampli.com\/index.php\/wp-json\/wp\/v2\/comments?post=1227"}],"version-history":[{"count":9,"href":"https:\/\/desconnecta.lampli.com\/index.php\/wp-json\/wp\/v2\/pages\/1227\/revisions"}],"predecessor-version":[{"id":1421,"href":"https:\/\/desconnecta.lampli.com\/index.php\/wp-json\/wp\/v2\/pages\/1227\/revisions\/1421"}],"wp:attachment":[{"href":"https:\/\/desconnecta.lampli.com\/index.php\/wp-json\/wp\/v2\/media?parent=1227"}],"curies":[{"name":"wp","href":"https:\/\/api.w.org\/{rel}","templated":true}]}}