{"id":1229,"date":"2025-02-21T16:33:35","date_gmt":"2025-02-21T14:33:35","guid":{"rendered":"https:\/\/desconnecta.lampli.com\/?page_id=1229"},"modified":"2025-10-06T11:05:12","modified_gmt":"2025-10-06T09:05:12","slug":"mencions","status":"publish","type":"page","link":"https:\/\/desconnecta.lampli.com\/index.php\/mencions\/","title":{"rendered":"MENCIONS"},"content":{"rendered":"\n<div class=\"wp-block-uagb-advanced-heading uagb-block-a9f6a61c\"><h1 class=\"uagb-heading-text\"><strong>ENNA JOVE<\/strong><br><\/h1><p class=\"uagb-desc-text\"><strong>Menci\u00f3 a la Jove Promesa per a menors de 25 anys. Concedida per Llu\u00efsos de Gr\u00e0cia.<\/strong><\/p><\/div>\n\n\n\n<div style=\"height:20px\" aria-hidden=\"true\" class=\"wp-block-spacer\"><\/div>\n\n\n\n<div class=\"wp-block-columns is-layout-flex wp-container-core-columns-is-layout-9d6595d7 wp-block-columns-is-layout-flex\">\n<div class=\"wp-block-column is-layout-flow wp-block-column-is-layout-flow\">\n<header class=\"wp-block-uagb-advanced-heading uagb-block-dfeb3a25\"><h3 class=\"uagb-heading-text\">Requisits<\/h3><\/header>\n\n\n\n<p>Grups formats per menors de 25 anys.<\/p>\n\n\n\n<div class=\"wp-block-uagb-advanced-heading uagb-block-56155d55\"><h3 class=\"uagb-heading-text\">Criteris<\/h3><\/div>\n\n\n\n<ul class=\"wp-block-list\">\n<li>Cohesi\u00f3 musical entre membres del grup.<\/li>\n\n\n\n<li>Qualitat musical.<\/li>\n\n\n\n<li>Actitud a l\u2019escenari.<\/li>\n\n\n\n<li>Possible projecci\u00f3.<\/li>\n<\/ul>\n\n\n\n<div class=\"wp-block-uagb-advanced-heading uagb-block-3280341d\"><h3 class=\"uagb-heading-text\">Premi<\/h3><\/div>\n\n\n\n<ul class=\"wp-block-list\">\n<li>Actuar a la Festa Major de Gr\u00e0cia de l\u2019estiu seg\u00fcent, en un concert del qual se\u2019n far\u00e0 \u00e0mplia difusi\u00f3.<\/li>\n\n\n\n<li>Val de 200\u20ac a bescanviar a les botigues d\u2019instruments musicals del barri de Gr\u00e0cia.<\/li>\n\n\n\n<li>Entrades pel festival Embassa&#8217;t.<\/li>\n<\/ul>\n<\/div>\n\n\n\n<div class=\"wp-block-column is-layout-flow wp-block-column-is-layout-flow\">\n<figure class=\"wp-block-image size-full\"><img data-recalc-dims=\"1\" loading=\"lazy\" decoding=\"async\" width=\"640\" height=\"640\" src=\"https:\/\/i0.wp.com\/desconnecta.lampli.com\/wp-content\/uploads\/2025\/03\/nota2.png?resize=640%2C640&#038;ssl=1\" alt=\"\" class=\"wp-image-1406\" srcset=\"https:\/\/i0.wp.com\/desconnecta.lampli.com\/wp-content\/uploads\/2025\/03\/nota2.png?w=900&amp;ssl=1 900w, https:\/\/i0.wp.com\/desconnecta.lampli.com\/wp-content\/uploads\/2025\/03\/nota2.png?resize=300%2C300&amp;ssl=1 300w, https:\/\/i0.wp.com\/desconnecta.lampli.com\/wp-content\/uploads\/2025\/03\/nota2.png?resize=150%2C150&amp;ssl=1 150w, https:\/\/i0.wp.com\/desconnecta.lampli.com\/wp-content\/uploads\/2025\/03\/nota2.png?resize=768%2C768&amp;ssl=1 768w, https:\/\/i0.wp.com\/desconnecta.lampli.com\/wp-content\/uploads\/2025\/03\/nota2.png?resize=500%2C500&amp;ssl=1 500w, https:\/\/i0.wp.com\/desconnecta.lampli.com\/wp-content\/uploads\/2025\/03\/nota2.png?resize=800%2C800&amp;ssl=1 800w\" sizes=\"auto, (max-width: 640px) 100vw, 640px\" \/><\/figure>\n<\/div>\n<\/div>\n\n\n\n<hr class=\"wp-block-separator has-alpha-channel-opacity is-style-wide\"\/>\n\n\n\n<div style=\"height:40px\" aria-hidden=\"true\" class=\"wp-block-spacer\"><\/div>\n\n\n\n<div class=\"wp-block-uagb-advanced-heading uagb-block-ec47a2a4\"><h1 class=\"uagb-heading-text\"><strong>ESSA SONORA<\/strong><br><\/h1><p class=\"uagb-desc-text\"><strong>Menci\u00f3 a la Banda Revelaci\u00f3 amb pres\u00e8ncia de dones.<\/strong> <strong>Concedida per Llu\u00efsos de Gr\u00e0cia.<\/strong><\/p><\/div>\n\n\n\n<div style=\"height:20px\" aria-hidden=\"true\" class=\"wp-block-spacer\"><\/div>\n\n\n\n<div class=\"wp-block-columns is-layout-flex wp-container-core-columns-is-layout-9d6595d7 wp-block-columns-is-layout-flex\">\n<div class=\"wp-block-column is-layout-flow wp-block-column-is-layout-flow\">\n<figure class=\"wp-block-image size-full is-resized\"><img data-recalc-dims=\"1\" loading=\"lazy\" decoding=\"async\" width=\"577\" height=\"577\" src=\"https:\/\/i0.wp.com\/desconnecta.lampli.com\/wp-content\/uploads\/2025\/02\/boca.png?resize=577%2C577\" alt=\"\" class=\"wp-image-1350\" style=\"width:364px;height:auto\" srcset=\"https:\/\/i0.wp.com\/desconnecta.lampli.com\/wp-content\/uploads\/2025\/02\/boca.png?w=577&amp;ssl=1 577w, https:\/\/i0.wp.com\/desconnecta.lampli.com\/wp-content\/uploads\/2025\/02\/boca.png?resize=300%2C300&amp;ssl=1 300w, https:\/\/i0.wp.com\/desconnecta.lampli.com\/wp-content\/uploads\/2025\/02\/boca.png?resize=150%2C150&amp;ssl=1 150w, https:\/\/i0.wp.com\/desconnecta.lampli.com\/wp-content\/uploads\/2025\/02\/boca.png?resize=500%2C500&amp;ssl=1 500w\" sizes=\"auto, (max-width: 577px) 100vw, 577px\" \/><\/figure>\n<\/div>\n\n\n\n<div class=\"wp-block-column is-layout-flow wp-block-column-is-layout-flow\">\n<header class=\"wp-block-uagb-advanced-heading uagb-block-c6eb2486\"><h3 class=\"uagb-heading-text\">Requisits<\/h3><\/header>\n\n\n\n<p>Bandes constitu\u00efdes per una majoria de dones i\/o que tingui una dona que lideri el projecte.<\/p>\n\n\n\n<div class=\"wp-block-uagb-advanced-heading uagb-block-87f24a3c\"><h3 class=\"uagb-heading-text\">Criteris<\/h3><\/div>\n\n\n\n<ul class=\"wp-block-list\">\n<li>L\u00edder\/compositora dona o majoria dones al grup.<\/li>\n\n\n\n<li>Proposta en catal\u00e0.<\/li>\n\n\n\n<li>Qualitat art\u00edstica.<\/li>\n<\/ul>\n\n\n\n<div class=\"wp-block-uagb-advanced-heading uagb-block-0bf117b0\"><h3 class=\"uagb-heading-text\">Premi<\/h3><\/div>\n\n\n\n<ul class=\"wp-block-list\">\n<li>La banda guanyadora enregistrar\u00e0 durant un dia en un estudi de gravaci\u00f3 professional.<\/li>\n\n\n\n<li>Entrades al Festiuet per a totes les membres de la banda.<\/li>\n<\/ul>\n<\/div>\n<\/div>\n\n\n\n<hr class=\"wp-block-separator has-alpha-channel-opacity is-style-wide\"\/>\n\n\n\n<div style=\"height:40px\" aria-hidden=\"true\" class=\"wp-block-spacer\"><\/div>\n\n\n\n<div class=\"wp-block-uagb-advanced-heading uagb-block-a13c8d38\"><h1 class=\"uagb-heading-text\"><strong>\u00c7 TRENCADA<\/strong><br><\/h1><p class=\"uagb-desc-text\"><strong>Menci\u00f3 a la millor lletra de can\u00e7\u00f3 pr\u00f2pia escrita en catal\u00e0. Concedida per \u00d2mnium Cultural Gr\u00e0cia.<\/strong><\/p><\/div>\n\n\n\n<div style=\"height:20px\" aria-hidden=\"true\" class=\"wp-block-spacer\"><\/div>\n\n\n\n<div class=\"wp-block-columns is-layout-flex wp-container-core-columns-is-layout-9d6595d7 wp-block-columns-is-layout-flex\">\n<div class=\"wp-block-column is-layout-flow wp-block-column-is-layout-flow\">\n<header class=\"wp-block-uagb-advanced-heading uagb-block-fab786de\"><h3 class=\"uagb-heading-text\">Requisits<\/h3><\/header>\n\n\n\n<ul class=\"wp-block-list\">\n<li>L&#8217;idioma principal de l&#8217;obra \u00e9s el catal\u00e0.<\/li>\n\n\n\n<li>La tem\u00e0tica \u00e9s lliure, per\u00f2 no s\u2019acceptaran treballs que transmetin valors contraris a la DUDH.<\/li>\n<\/ul>\n\n\n\n<div class=\"wp-block-uagb-advanced-heading uagb-block-79c964b7\"><h3 class=\"uagb-heading-text\">Criteris<\/h3><\/div>\n\n\n\n<ul class=\"wp-block-list\">\n<li>Originalitat: aporta una perspectiva diferent.<\/li>\n\n\n\n<li>Qualitat liter\u00e0ria: rica en recursos estil\u00edstics, m\u00e8trics, etc.<\/li>\n\n\n\n<li>Qualitat ling\u00fc\u00edstica: ben escrita, tot i tractar-se d&#8217;un registre informal i oral.<\/li>\n\n\n\n<li>Actualitat: capa\u00e7 de connectar amb les preocupacions i anhels de la societat contempor\u00e0nia.<\/li>\n<\/ul>\n\n\n\n<div class=\"wp-block-uagb-advanced-heading uagb-block-1ee3b8ec\"><h3 class=\"uagb-heading-text\">Premi<\/h3><\/div>\n\n\n\n<ul class=\"wp-block-list\">\n<li>Actuar al Festival L\u00edmbic de l\u2019any seg\u00fcent.<\/li>\n<\/ul>\n<\/div>\n\n\n\n<div class=\"wp-block-column is-layout-flow wp-block-column-is-layout-flow\">\n<figure class=\"wp-block-image size-full is-resized\"><img data-recalc-dims=\"1\" loading=\"lazy\" decoding=\"async\" width=\"640\" height=\"640\" src=\"https:\/\/i0.wp.com\/desconnecta.lampli.com\/wp-content\/uploads\/2025\/03\/doc2.png?resize=640%2C640\" alt=\"\" class=\"wp-image-1411\" style=\"width:333px;height:auto\" srcset=\"https:\/\/i0.wp.com\/desconnecta.lampli.com\/wp-content\/uploads\/2025\/03\/doc2.png?w=750&amp;ssl=1 750w, https:\/\/i0.wp.com\/desconnecta.lampli.com\/wp-content\/uploads\/2025\/03\/doc2.png?resize=300%2C300&amp;ssl=1 300w, https:\/\/i0.wp.com\/desconnecta.lampli.com\/wp-content\/uploads\/2025\/03\/doc2.png?resize=150%2C150&amp;ssl=1 150w, https:\/\/i0.wp.com\/desconnecta.lampli.com\/wp-content\/uploads\/2025\/03\/doc2.png?resize=500%2C500&amp;ssl=1 500w\" sizes=\"auto, (max-width: 640px) 100vw, 640px\" \/><\/figure>\n<\/div>\n<\/div>\n\n\n\n<hr class=\"wp-block-separator has-alpha-channel-opacity is-style-wide\"\/>\n\n\n\n<div style=\"height:40px\" aria-hidden=\"true\" class=\"wp-block-spacer\"><\/div>\n\n\n\n<div class=\"wp-block-uagb-advanced-heading uagb-block-67bab912\"><h1 class=\"uagb-heading-text\"><strong>ERRA FORTA<\/strong> (nova)<\/h1><\/div>\n\n\n\n<p><strong>Menci\u00f3 al millor directe i pres\u00e8ncia esc\u00e8nica. Concendida per Llu\u00efsos de Gr\u00e0cia.<\/strong><\/p>\n\n\n\n<div class=\"wp-block-columns is-layout-flex wp-container-core-columns-is-layout-9d6595d7 wp-block-columns-is-layout-flex\">\n<div class=\"wp-block-column is-layout-flow wp-block-column-is-layout-flow\">\n<figure class=\"wp-block-image size-full is-resized\"><img data-recalc-dims=\"1\" loading=\"lazy\" decoding=\"async\" width=\"640\" height=\"640\" src=\"https:\/\/i0.wp.com\/desconnecta.lampli.com\/wp-content\/uploads\/2025\/03\/estrella_2.png?resize=640%2C640\" alt=\"\" class=\"wp-image-1402\" style=\"width:332px;height:auto\" srcset=\"https:\/\/i0.wp.com\/desconnecta.lampli.com\/wp-content\/uploads\/2025\/03\/estrella_2.png?w=1080&amp;ssl=1 1080w, https:\/\/i0.wp.com\/desconnecta.lampli.com\/wp-content\/uploads\/2025\/03\/estrella_2.png?resize=300%2C300&amp;ssl=1 300w, https:\/\/i0.wp.com\/desconnecta.lampli.com\/wp-content\/uploads\/2025\/03\/estrella_2.png?resize=1024%2C1024&amp;ssl=1 1024w, https:\/\/i0.wp.com\/desconnecta.lampli.com\/wp-content\/uploads\/2025\/03\/estrella_2.png?resize=150%2C150&amp;ssl=1 150w, https:\/\/i0.wp.com\/desconnecta.lampli.com\/wp-content\/uploads\/2025\/03\/estrella_2.png?resize=768%2C768&amp;ssl=1 768w, https:\/\/i0.wp.com\/desconnecta.lampli.com\/wp-content\/uploads\/2025\/03\/estrella_2.png?resize=500%2C500&amp;ssl=1 500w, https:\/\/i0.wp.com\/desconnecta.lampli.com\/wp-content\/uploads\/2025\/03\/estrella_2.png?resize=800%2C800&amp;ssl=1 800w\" sizes=\"auto, (max-width: 640px) 100vw, 640px\" \/><\/figure>\n<\/div>\n\n\n\n<div class=\"wp-block-column is-layout-flow wp-block-column-is-layout-flow\">\n<header class=\"wp-block-uagb-advanced-heading uagb-block-f754d3b9\"><h3 class=\"uagb-heading-text\">Requisits<\/h3><\/header>\n\n\n\n<p>Ser una de les tres bandes preseleccionades pel Garrivern.<\/p>\n\n\n\n<div class=\"wp-block-uagb-advanced-heading uagb-block-0d3d5300\"><h3 class=\"uagb-heading-text\">Criteris<\/h3><\/div>\n\n\n\n<ul class=\"wp-block-list\">\n<li>Directe s\u00f2lid i idea art\u00edstica treballada.<\/li>\n\n\n\n<li>Interacci\u00f3 amb el p\u00fablic.<\/li>\n\n\n\n<li>Actitud a l\u2019escenari.<\/li>\n<\/ul>\n\n\n\n<div class=\"wp-block-uagb-advanced-heading uagb-block-af41c085\"><h3 class=\"uagb-heading-text\">Premi<\/h3><\/div>\n\n\n\n<ul class=\"wp-block-list\">\n<li>Actuar al Garrivern (La Garrinada d\u2019hivern).<\/li>\n\n\n\n<li>10 hores gratu\u00eftes de buc d\u2019assaig a l\u2019espai 2estones.<\/li>\n<\/ul>\n<\/div>\n<\/div>\n\n\n\n<hr class=\"wp-block-separator has-alpha-channel-opacity is-style-wide\"\/>\n\n\n\n<div style=\"height:40px\" aria-hidden=\"true\" class=\"wp-block-spacer\"><\/div>\n\n\n\n<div class=\"wp-block-uagb-advanced-heading uagb-block-151189a8\"><h1 class=\"uagb-heading-text\"><strong>PREMI DEL P\u00daBLIC<\/strong><br><\/h1><p class=\"uagb-desc-text\"><strong>Premi concedit per votaci\u00f3 popular.<\/strong><\/p><\/div>\n\n\n\n<div style=\"height:20px\" aria-hidden=\"true\" class=\"wp-block-spacer\"><\/div>\n\n\n\n<div class=\"wp-block-columns is-layout-flex wp-container-core-columns-is-layout-9d6595d7 wp-block-columns-is-layout-flex\">\n<div class=\"wp-block-column is-layout-flow wp-block-column-is-layout-flow\">\n<figure class=\"wp-block-image size-full\"><img data-recalc-dims=\"1\" loading=\"lazy\" decoding=\"async\" width=\"640\" height=\"640\" src=\"https:\/\/i0.wp.com\/desconnecta.lampli.com\/wp-content\/uploads\/2025\/03\/sobre2.png?resize=640%2C640\" alt=\"\" class=\"wp-image-1409\" srcset=\"https:\/\/i0.wp.com\/desconnecta.lampli.com\/wp-content\/uploads\/2025\/03\/sobre2.png?w=900&amp;ssl=1 900w, https:\/\/i0.wp.com\/desconnecta.lampli.com\/wp-content\/uploads\/2025\/03\/sobre2.png?resize=300%2C300&amp;ssl=1 300w, https:\/\/i0.wp.com\/desconnecta.lampli.com\/wp-content\/uploads\/2025\/03\/sobre2.png?resize=150%2C150&amp;ssl=1 150w, https:\/\/i0.wp.com\/desconnecta.lampli.com\/wp-content\/uploads\/2025\/03\/sobre2.png?resize=768%2C768&amp;ssl=1 768w, https:\/\/i0.wp.com\/desconnecta.lampli.com\/wp-content\/uploads\/2025\/03\/sobre2.png?resize=500%2C500&amp;ssl=1 500w, https:\/\/i0.wp.com\/desconnecta.lampli.com\/wp-content\/uploads\/2025\/03\/sobre2.png?resize=800%2C800&amp;ssl=1 800w\" sizes=\"auto, (max-width: 640px) 100vw, 640px\" \/><\/figure>\n<\/div>\n\n\n\n<div class=\"wp-block-column is-layout-flow wp-block-column-is-layout-flow\">\n<header class=\"wp-block-uagb-advanced-heading uagb-block-5f856988\"><h3 class=\"uagb-heading-text\">Requisits<\/h3><\/header>\n\n\n\n<ul class=\"wp-block-list\">\n<li>Votar a trav\u00e9s del web de la mostra un cop finalitzades les actuacions.<\/li>\n\n\n\n<li>Nom\u00e9s es permetr\u00e0 un vot per persona.<\/li>\n<\/ul>\n\n\n\n<div class=\"wp-block-uagb-advanced-heading uagb-block-0f330174\"><h3 class=\"uagb-heading-text\">Premi<\/h3><\/div>\n\n\n\n<ul class=\"wp-block-list\">\n<li><strong>Artista o banda m\u00e9s votat:<\/strong> Una entrada al Festival Cru\u00eflla per a cada membre de la proposta m\u00e9s votada.<\/li>\n<\/ul>\n<\/div>\n<\/div>\n\n\n\n<p class=\"has-text-align-center has-text-color has-link-color has-medium-font-size wp-elements-4cd5795c10bc25307baddbcb0bd2d058\" style=\"color:#fd2017\"><strong>Entre tota la gent que voti a trav\u00e9s del web tamb\u00e9 es far\u00e0 un sorteig d\u2019una entrada doble al Canet Rock.<\/strong><\/p>\n\n\n\n<hr class=\"wp-block-separator has-alpha-channel-opacity is-style-wide\"\/>\n\n\n\n<div style=\"height:40px\" aria-hidden=\"true\" class=\"wp-block-spacer\"><\/div>\n\n\n\n<div class=\"wp-block-uagb-advanced-heading uagb-block-e3094052\"><h1 class=\"uagb-heading-text\"><strong>CASES DE LA M\u00daSICA<\/strong><\/h1><\/div>\n\n\n\n<p>Ofereixen places a totes les bandes participants en una de les seves formacions, que tindr\u00e0 lloc despr\u00e9s de la Mostra.<\/p>\n\n\n\n<div style=\"height:20px\" aria-hidden=\"true\" class=\"wp-block-spacer\"><\/div>\n\n\n\n<hr class=\"wp-block-separator has-alpha-channel-opacity is-style-wide\"\/>\n\n\n\n<p class=\"has-text-align-center has-black-color has-text-color has-link-color has-medium-font-size wp-elements-920e5c8f854132b68c00f1cf71e7f6e8\">Col\u00b7laboradors<\/p>\n\n\n\n<figure class=\"wp-block-gallery has-nested-images columns-8 is-cropped wp-block-gallery-1 is-layout-flex wp-block-gallery-is-layout-flex\">\n<figure class=\"wp-block-image size-large\"><img data-recalc-dims=\"1\" loading=\"lazy\" decoding=\"async\" width=\"500\" height=\"500\" data-id=\"1067\" src=\"https:\/\/i0.wp.com\/desconnecta.lampli.com\/wp-content\/uploads\/2025\/01\/buit_2.png?resize=500%2C500&#038;ssl=1\" alt=\"\" class=\"wp-image-1067\" srcset=\"https:\/\/i0.wp.com\/desconnecta.lampli.com\/wp-content\/uploads\/2025\/01\/buit_2.png?w=500&amp;ssl=1 500w, https:\/\/i0.wp.com\/desconnecta.lampli.com\/wp-content\/uploads\/2025\/01\/buit_2.png?resize=300%2C300&amp;ssl=1 300w, https:\/\/i0.wp.com\/desconnecta.lampli.com\/wp-content\/uploads\/2025\/01\/buit_2.png?resize=150%2C150&amp;ssl=1 150w\" sizes=\"auto, (max-width: 500px) 100vw, 500px\" \/><\/figure>\n\n\n\n<figure class=\"wp-block-image size-full\"><a href=\"https:\/\/www.cruillabarcelona.com\/ca\/\" target=\"_blank\" rel=\" noreferrer noopener\"><img data-recalc-dims=\"1\" loading=\"lazy\" decoding=\"async\" width=\"500\" height=\"500\" data-id=\"1137\" src=\"https:\/\/i0.wp.com\/desconnecta.lampli.com\/wp-content\/uploads\/2025\/02\/cruilla_negre.png?resize=500%2C500&#038;ssl=1\" alt=\"\" class=\"wp-image-1137\" srcset=\"https:\/\/i0.wp.com\/desconnecta.lampli.com\/wp-content\/uploads\/2025\/02\/cruilla_negre.png?w=500&amp;ssl=1 500w, https:\/\/i0.wp.com\/desconnecta.lampli.com\/wp-content\/uploads\/2025\/02\/cruilla_negre.png?resize=300%2C300&amp;ssl=1 300w, https:\/\/i0.wp.com\/desconnecta.lampli.com\/wp-content\/uploads\/2025\/02\/cruilla_negre.png?resize=150%2C150&amp;ssl=1 150w\" sizes=\"auto, (max-width: 500px) 100vw, 500px\" \/><\/a><\/figure>\n\n\n\n<figure class=\"wp-block-image size-full\"><a href=\"https:\/\/www.casadelamusica.cat\/\" target=\"_blank\" rel=\" noreferrer noopener\"><img decoding=\"async\" data-id=\"1572\" src=\"https:\/\/desconnecta.lampli.com\/wp-content\/uploads\/2025\/10\/logo_Casesdelamusica.svg\" alt=\"\" class=\"wp-image-1572\"\/><\/a><\/figure>\n\n\n\n<figure class=\"wp-block-image size-full\"><a href=\"https:\/\/www.embassat.com\/\" target=\"_blank\" rel=\" noreferrer noopener\"><img decoding=\"async\" data-id=\"1573\" src=\"https:\/\/desconnecta.lampli.com\/wp-content\/uploads\/2025\/10\/logo.embassat.svg\" alt=\"\" class=\"wp-image-1573\"\/><\/a><\/figure>\n\n\n\n<figure class=\"wp-block-image size-full\"><a href=\"https:\/\/festiuet.cat\/\" target=\"_blank\" rel=\" noreferrer noopener\"><img decoding=\"async\" data-id=\"1574\" src=\"https:\/\/desconnecta.lampli.com\/wp-content\/uploads\/2025\/10\/LogoFestiuet.svg\" alt=\"\" class=\"wp-image-1574\"\/><\/a><\/figure>\n\n\n\n<figure class=\"wp-block-image size-full\"><a href=\"https:\/\/www.garrinada.cat\/\" target=\"_blank\" rel=\" noreferrer noopener\"><img decoding=\"async\" data-id=\"1575\" src=\"https:\/\/desconnecta.lampli.com\/wp-content\/uploads\/2025\/10\/LogoGarrinada.svg\" alt=\"\" class=\"wp-image-1575\"\/><\/a><\/figure>\n\n\n\n<figure class=\"wp-block-image size-full\"><a href=\"https:\/\/www.canetrock.cat\/\" target=\"_blank\" rel=\" noreferrer noopener\"><img data-recalc-dims=\"1\" loading=\"lazy\" decoding=\"async\" width=\"500\" height=\"500\" data-id=\"1138\" src=\"https:\/\/i0.wp.com\/desconnecta.lampli.com\/wp-content\/uploads\/2025\/02\/canet_negre.png?resize=500%2C500&#038;ssl=1\" alt=\"\" class=\"wp-image-1138\" srcset=\"https:\/\/i0.wp.com\/desconnecta.lampli.com\/wp-content\/uploads\/2025\/02\/canet_negre.png?w=500&amp;ssl=1 500w, https:\/\/i0.wp.com\/desconnecta.lampli.com\/wp-content\/uploads\/2025\/02\/canet_negre.png?resize=300%2C300&amp;ssl=1 300w, https:\/\/i0.wp.com\/desconnecta.lampli.com\/wp-content\/uploads\/2025\/02\/canet_negre.png?resize=150%2C150&amp;ssl=1 150w\" sizes=\"auto, (max-width: 500px) 100vw, 500px\" \/><\/a><\/figure>\n\n\n\n<figure class=\"wp-block-image size-full\"><a href=\"https:\/\/2estones.com\/\" target=\"_blank\" rel=\" noreferrer noopener\"><img decoding=\"async\" data-id=\"1553\" src=\"https:\/\/desconnecta.lampli.com\/wp-content\/uploads\/2025\/06\/2estones_quadrat.svg\" alt=\"\" class=\"wp-image-1553\"\/><\/a><\/figure>\n<\/figure>\n\n\n\n<div style=\"height:20px\" aria-hidden=\"true\" class=\"wp-block-spacer\"><\/div>\n\n\n<div style=\"gap: 20px;\" class=\"align-button-center ub-buttons orientation-button-row ub-flex-wrap wp-block-ub-button\" id=\"ub-button-4e655c67-934a-42e9-9054-ab9dfb1f5c3b\"><div class=\"ub-button-container\">\n\t\t\t<a href=\"http:\/\/www.desconnecta.cat\/index.php\" target=\"_self\" class=\"ub-button-block-main  \" role=\"button\" style=\"--ub-button-background-color: #fd2017; --ub-button-color: #ffffff; --ub-button-border: none; --ub-button-hover-background-color: #313131; --ub-button-hover-color: #ffffff; --ub-button-hover-border: none; font-size: 17px; width: 200px; padding-top: 10px; padding-right: 10px; padding-bottom: 10px; padding-left: 10px; border-top-left-radius: 0px;; border-top-right-radius: 0px;; border-bottom-left-radius: 0px;; border-bottom-right-radius: 0px;; \">\n\t\t\t\t<div class=\"ub-button-content-holder\" style=\"flex-direction: row\">\n\t\t\t\t\t<span class=\"ub-button-block-btn\">INICI<\/span>\n\t\t\t\t<\/div>\n\t\t\t<\/a>\n\t\t<\/div><div class=\"ub-button-container\">\n\t\t\t<a href=\"http:\/\/www.desconnecta.cat\/index.php\/bases\/\" target=\"_self\" rel=\"nofollow\" class=\"ub-button-block-main  \" role=\"button\" style=\"--ub-button-background-color: #fd2017; --ub-button-color: #ffffff; --ub-button-border: none; --ub-button-hover-background-color: #313131; --ub-button-hover-color: #ffffff; --ub-button-hover-border: none; padding-top: 10px; padding-right: 10px; padding-bottom: 10px; padding-left: 10px; border-top-left-radius: 0px;; border-top-right-radius: 0px;; border-bottom-left-radius: 0px;; border-bottom-right-radius: 0px;; \">\n\t\t\t\t<div class=\"ub-button-content-holder\" style=\"flex-direction: row\">\n\t\t\t\t\t<span class=\"ub-button-block-btn\">INSCRIPCI\u00d3<\/span>\n\t\t\t\t<\/div>\n\t\t\t<\/a>\n\t\t<\/div><\/div>","protected":false},"excerpt":{"rendered":"<p>ENNA JOVE Menci\u00f3 a la Jove Promesa per a menors de 25 anys. Concedida per Llu\u00efsos de Gr\u00e0cia. Requisits Grups formats per menors de 25 anys. Criteris Premi ESSA SONORA Menci\u00f3 a la Banda Revelaci\u00f3 amb pres\u00e8ncia de dones. Concedida per Llu\u00efsos de Gr\u00e0cia. Requisits Bandes constitu\u00efdes per una majoria de dones i\/o que tingui [&hellip;]<\/p>\n","protected":false},"author":1,"featured_media":0,"parent":0,"menu_order":0,"comment_status":"closed","ping_status":"closed","template":"","meta":{"_uag_custom_page_level_css":"","_monsterinsights_skip_tracking":false,"_monsterinsights_sitenote_active":false,"_monsterinsights_sitenote_note":"","_monsterinsights_sitenote_category":0,"footnotes":""},"class_list":["post-1229","page","type-page","status-publish","hentry"],"featured_image_src":null,"uagb_featured_image_src":{"full":false,"thumbnail":false,"medium":false,"medium_large":false,"large":false,"1536x1536":false,"2048x2048":false,"masteriyo_single":false,"masteriyo_thumbnail":false,"masteriyo_medium":false,"awb_sm":false,"awb_md":false,"awb_lg":false,"awb_xl":false},"uagb_author_info":{"display_name":"areuss","author_link":"https:\/\/desconnecta.lampli.com\/index.php\/author\/areuss\/"},"uagb_comment_info":0,"uagb_excerpt":"ENNA JOVE Menci\u00f3 a la Jove Promesa per a menors de 25 anys. Concedida per Llu\u00efsos de Gr\u00e0cia. Requisits Grups formats per menors de 25 anys. Criteris Premi ESSA SONORA Menci\u00f3 a la Banda Revelaci\u00f3 amb pres\u00e8ncia de dones. Concedida per Llu\u00efsos de Gr\u00e0cia. Requisits Bandes constitu\u00efdes per una majoria de dones i\/o que tingui&hellip;","jetpack_sharing_enabled":true,"_links":{"self":[{"href":"https:\/\/desconnecta.lampli.com\/index.php\/wp-json\/wp\/v2\/pages\/1229","targetHints":{"allow":["GET"]}}],"collection":[{"href":"https:\/\/desconnecta.lampli.com\/index.php\/wp-json\/wp\/v2\/pages"}],"about":[{"href":"https:\/\/desconnecta.lampli.com\/index.php\/wp-json\/wp\/v2\/types\/page"}],"author":[{"embeddable":true,"href":"https:\/\/desconnecta.lampli.com\/index.php\/wp-json\/wp\/v2\/users\/1"}],"replies":[{"embeddable":true,"href":"https:\/\/desconnecta.lampli.com\/index.php\/wp-json\/wp\/v2\/comments?post=1229"}],"version-history":[{"count":45,"href":"https:\/\/desconnecta.lampli.com\/index.php\/wp-json\/wp\/v2\/pages\/1229\/revisions"}],"predecessor-version":[{"id":1603,"href":"https:\/\/desconnecta.lampli.com\/index.php\/wp-json\/wp\/v2\/pages\/1229\/revisions\/1603"}],"wp:attachment":[{"href":"https:\/\/desconnecta.lampli.com\/index.php\/wp-json\/wp\/v2\/media?parent=1229"}],"curies":[{"name":"wp","href":"https:\/\/api.w.org\/{rel}","templated":true}]}}