{"id":17,"date":"2022-06-01T10:20:19","date_gmt":"2022-06-01T08:20:19","guid":{"rendered":"http:\/\/desconnecta.lampli.com\/?page_id=17"},"modified":"2025-10-06T10:42:26","modified_gmt":"2025-10-06T08:42:26","slug":"bases","status":"publish","type":"page","link":"https:\/\/desconnecta.lampli.com\/index.php\/bases\/","title":{"rendered":"BASES"},"content":{"rendered":"\n<p class=\"has-text-align-center\">Organitzen<\/p>\n\n\n\n<figure class=\"wp-block-gallery has-nested-images columns-5 is-cropped wp-block-gallery-1 is-layout-flex wp-block-gallery-is-layout-flex\">\n<figure class=\"wp-block-image size-large\"><img data-recalc-dims=\"1\" loading=\"lazy\" decoding=\"async\" width=\"500\" height=\"500\" data-id=\"1065\" src=\"https:\/\/i0.wp.com\/desconnecta.lampli.com\/wp-content\/uploads\/2025\/01\/buit.png?resize=500%2C500&#038;ssl=1\" alt=\"\" class=\"wp-image-1065\" srcset=\"https:\/\/i0.wp.com\/desconnecta.lampli.com\/wp-content\/uploads\/2025\/01\/buit.png?w=500&amp;ssl=1 500w, https:\/\/i0.wp.com\/desconnecta.lampli.com\/wp-content\/uploads\/2025\/01\/buit.png?resize=300%2C300&amp;ssl=1 300w, https:\/\/i0.wp.com\/desconnecta.lampli.com\/wp-content\/uploads\/2025\/01\/buit.png?resize=150%2C150&amp;ssl=1 150w\" sizes=\"auto, (max-width: 500px) 100vw, 500px\" \/><\/figure>\n\n\n\n<figure class=\"wp-block-image size-full\"><a href=\"https:\/\/www.lluisosdegracia.cat\/\" target=\"_blank\" rel=\"Llu\u00efsos de Gr\u00e0cia noopener\"><img data-recalc-dims=\"1\" loading=\"lazy\" decoding=\"async\" width=\"300\" height=\"300\" data-id=\"955\" src=\"https:\/\/i0.wp.com\/desconnecta.lampli.com\/wp-content\/uploads\/2023\/06\/logo_lluisos_nou.jpg?resize=300%2C300\" alt=\"\" class=\"wp-image-955\" srcset=\"https:\/\/i0.wp.com\/desconnecta.lampli.com\/wp-content\/uploads\/2023\/06\/logo_lluisos_nou.jpg?w=300&amp;ssl=1 300w, https:\/\/i0.wp.com\/desconnecta.lampli.com\/wp-content\/uploads\/2023\/06\/logo_lluisos_nou.jpg?resize=150%2C150&amp;ssl=1 150w\" sizes=\"auto, (max-width: 300px) 100vw, 300px\" \/><\/a><\/figure>\n\n\n\n<figure class=\"wp-block-image size-large\"><a href=\"https:\/\/lampli.com\" target=\"_blank\" rel=\"Magaz\u00edn L'Ampli noopener\"><img data-recalc-dims=\"1\" loading=\"lazy\" decoding=\"async\" width=\"300\" height=\"300\" data-id=\"36\" src=\"https:\/\/i0.wp.com\/desconnecta.lampli.com\/wp-content\/uploads\/2021\/06\/lampli-1.jpg?resize=300%2C300\" alt=\"L'Ampli - Magaz\u00edn musical\" class=\"wp-image-36\" srcset=\"https:\/\/i0.wp.com\/desconnecta.lampli.com\/wp-content\/uploads\/2021\/06\/lampli-1.jpg?w=300&amp;ssl=1 300w, https:\/\/i0.wp.com\/desconnecta.lampli.com\/wp-content\/uploads\/2021\/06\/lampli-1.jpg?resize=150%2C150&amp;ssl=1 150w\" sizes=\"auto, (max-width: 300px) 100vw, 300px\" \/><\/a><\/figure>\n\n\n\n<figure class=\"wp-block-image size-full\"><a href=\"https:\/\/www.omnium.cat\/ca\/seus\/gracia\/\" target=\"_blank\" rel=\"\u00d2mnium Gr\u00e0cia noopener\"><img data-recalc-dims=\"1\" loading=\"lazy\" decoding=\"async\" width=\"300\" height=\"300\" data-id=\"968\" src=\"https:\/\/i0.wp.com\/desconnecta.lampli.com\/wp-content\/uploads\/2023\/06\/LOGO_BCN_GRACIA.jpg?resize=300%2C300&#038;ssl=1\" alt=\"\" class=\"wp-image-968\" srcset=\"https:\/\/i0.wp.com\/desconnecta.lampli.com\/wp-content\/uploads\/2023\/06\/LOGO_BCN_GRACIA.jpg?w=300&amp;ssl=1 300w, https:\/\/i0.wp.com\/desconnecta.lampli.com\/wp-content\/uploads\/2023\/06\/LOGO_BCN_GRACIA.jpg?resize=150%2C150&amp;ssl=1 150w\" sizes=\"auto, (max-width: 300px) 100vw, 300px\" \/><\/a><\/figure>\n\n\n\n<figure class=\"wp-block-image size-large\"><img data-recalc-dims=\"1\" loading=\"lazy\" decoding=\"async\" width=\"500\" height=\"500\" data-id=\"1067\" src=\"https:\/\/i0.wp.com\/desconnecta.lampli.com\/wp-content\/uploads\/2025\/01\/buit_2.png?resize=500%2C500&#038;ssl=1\" alt=\"\" class=\"wp-image-1067\" srcset=\"https:\/\/i0.wp.com\/desconnecta.lampli.com\/wp-content\/uploads\/2025\/01\/buit_2.png?w=500&amp;ssl=1 500w, https:\/\/i0.wp.com\/desconnecta.lampli.com\/wp-content\/uploads\/2025\/01\/buit_2.png?resize=300%2C300&amp;ssl=1 300w, https:\/\/i0.wp.com\/desconnecta.lampli.com\/wp-content\/uploads\/2025\/01\/buit_2.png?resize=150%2C150&amp;ssl=1 150w\" sizes=\"auto, (max-width: 500px) 100vw, 500px\" \/><\/figure>\n<\/figure>\n\n\n\n<p class=\"has-text-align-center\">Col\u00b7laboren<\/p>\n\n\n\n<figure class=\"wp-block-gallery has-nested-images columns-8 is-cropped wp-block-gallery-2 is-layout-flex wp-block-gallery-is-layout-flex\">\n<figure class=\"wp-block-image size-large\"><img data-recalc-dims=\"1\" loading=\"lazy\" decoding=\"async\" width=\"500\" height=\"500\" data-id=\"1065\" src=\"https:\/\/i0.wp.com\/desconnecta.lampli.com\/wp-content\/uploads\/2025\/01\/buit.png?resize=500%2C500&#038;ssl=1\" alt=\"\" class=\"wp-image-1065\" srcset=\"https:\/\/i0.wp.com\/desconnecta.lampli.com\/wp-content\/uploads\/2025\/01\/buit.png?w=500&amp;ssl=1 500w, https:\/\/i0.wp.com\/desconnecta.lampli.com\/wp-content\/uploads\/2025\/01\/buit.png?resize=300%2C300&amp;ssl=1 300w, https:\/\/i0.wp.com\/desconnecta.lampli.com\/wp-content\/uploads\/2025\/01\/buit.png?resize=150%2C150&amp;ssl=1 150w\" sizes=\"auto, (max-width: 500px) 100vw, 500px\" \/><\/figure>\n\n\n\n<figure class=\"wp-block-image size-large\"><a href=\"https:\/\/www.cruillabarcelona.com\/ca\/\" target=\"_blank\" rel=\" noreferrer noopener\"><img data-recalc-dims=\"1\" loading=\"lazy\" decoding=\"async\" width=\"500\" height=\"500\" data-id=\"1039\" src=\"https:\/\/i0.wp.com\/desconnecta.lampli.com\/wp-content\/uploads\/2025\/01\/cruilla.jpg?resize=500%2C500&#038;ssl=1\" alt=\"\" class=\"wp-image-1039\" srcset=\"https:\/\/i0.wp.com\/desconnecta.lampli.com\/wp-content\/uploads\/2025\/01\/cruilla.jpg?w=500&amp;ssl=1 500w, https:\/\/i0.wp.com\/desconnecta.lampli.com\/wp-content\/uploads\/2025\/01\/cruilla.jpg?resize=300%2C300&amp;ssl=1 300w, https:\/\/i0.wp.com\/desconnecta.lampli.com\/wp-content\/uploads\/2025\/01\/cruilla.jpg?resize=150%2C150&amp;ssl=1 150w\" sizes=\"auto, (max-width: 500px) 100vw, 500px\" \/><\/a><\/figure>\n\n\n\n<figure class=\"wp-block-image size-large\"><a href=\"https:\/\/www.canetrock.cat\/\" target=\"_blank\" rel=\" noreferrer noopener\"><img data-recalc-dims=\"1\" loading=\"lazy\" decoding=\"async\" width=\"500\" height=\"500\" data-id=\"1038\" src=\"https:\/\/i0.wp.com\/desconnecta.lampli.com\/wp-content\/uploads\/2025\/01\/canet.jpg?resize=500%2C500&#038;ssl=1\" alt=\"\" class=\"wp-image-1038\" srcset=\"https:\/\/i0.wp.com\/desconnecta.lampli.com\/wp-content\/uploads\/2025\/01\/canet.jpg?w=500&amp;ssl=1 500w, https:\/\/i0.wp.com\/desconnecta.lampli.com\/wp-content\/uploads\/2025\/01\/canet.jpg?resize=300%2C300&amp;ssl=1 300w, https:\/\/i0.wp.com\/desconnecta.lampli.com\/wp-content\/uploads\/2025\/01\/canet.jpg?resize=150%2C150&amp;ssl=1 150w\" sizes=\"auto, (max-width: 500px) 100vw, 500px\" \/><\/a><\/figure>\n\n\n\n<figure class=\"wp-block-image size-full\"><a href=\"https:\/\/2estones.com\/\" target=\"_blank\" rel=\" noreferrer noopener\"><img decoding=\"async\" data-id=\"1555\" src=\"https:\/\/desconnecta.lampli.com\/wp-content\/uploads\/2025\/06\/2estones_quadrat-1.svg\" alt=\"\" class=\"wp-image-1555\"\/><\/a><\/figure>\n\n\n\n<figure class=\"wp-block-image size-large\"><a href=\"https:\/\/ajuntament.barcelona.cat\/ca\/\" target=\"_blank\" rel=\" noreferrer noopener\"><img data-recalc-dims=\"1\" loading=\"lazy\" decoding=\"async\" width=\"500\" height=\"500\" data-id=\"1037\" src=\"https:\/\/i0.wp.com\/desconnecta.lampli.com\/wp-content\/uploads\/2025\/01\/ajuntament.jpg?resize=500%2C500&#038;ssl=1\" alt=\"\" class=\"wp-image-1037\" srcset=\"https:\/\/i0.wp.com\/desconnecta.lampli.com\/wp-content\/uploads\/2025\/01\/ajuntament.jpg?w=500&amp;ssl=1 500w, https:\/\/i0.wp.com\/desconnecta.lampli.com\/wp-content\/uploads\/2025\/01\/ajuntament.jpg?resize=300%2C300&amp;ssl=1 300w, https:\/\/i0.wp.com\/desconnecta.lampli.com\/wp-content\/uploads\/2025\/01\/ajuntament.jpg?resize=150%2C150&amp;ssl=1 150w\" sizes=\"auto, (max-width: 500px) 100vw, 500px\" \/><\/a><\/figure>\n\n\n\n<figure class=\"wp-block-image size-large\"><a href=\"https:\/\/web.gencat.cat\/ca\/inici\/index.html\" target=\"_blank\" rel=\" noreferrer noopener\"><img data-recalc-dims=\"1\" loading=\"lazy\" decoding=\"async\" width=\"500\" height=\"500\" data-id=\"1040\" src=\"https:\/\/i0.wp.com\/desconnecta.lampli.com\/wp-content\/uploads\/2025\/01\/generalitat.jpg?resize=500%2C500&#038;ssl=1\" alt=\"\" class=\"wp-image-1040\" srcset=\"https:\/\/i0.wp.com\/desconnecta.lampli.com\/wp-content\/uploads\/2025\/01\/generalitat.jpg?w=500&amp;ssl=1 500w, https:\/\/i0.wp.com\/desconnecta.lampli.com\/wp-content\/uploads\/2025\/01\/generalitat.jpg?resize=300%2C300&amp;ssl=1 300w, https:\/\/i0.wp.com\/desconnecta.lampli.com\/wp-content\/uploads\/2025\/01\/generalitat.jpg?resize=150%2C150&amp;ssl=1 150w\" sizes=\"auto, (max-width: 500px) 100vw, 500px\" \/><\/a><\/figure>\n\n\n\n<figure class=\"wp-block-image size-large\"><img data-recalc-dims=\"1\" loading=\"lazy\" decoding=\"async\" width=\"500\" height=\"500\" data-id=\"1067\" src=\"https:\/\/i0.wp.com\/desconnecta.lampli.com\/wp-content\/uploads\/2025\/01\/buit_2.png?resize=500%2C500&#038;ssl=1\" alt=\"\" class=\"wp-image-1067\" srcset=\"https:\/\/i0.wp.com\/desconnecta.lampli.com\/wp-content\/uploads\/2025\/01\/buit_2.png?w=500&amp;ssl=1 500w, https:\/\/i0.wp.com\/desconnecta.lampli.com\/wp-content\/uploads\/2025\/01\/buit_2.png?resize=300%2C300&amp;ssl=1 300w, https:\/\/i0.wp.com\/desconnecta.lampli.com\/wp-content\/uploads\/2025\/01\/buit_2.png?resize=150%2C150&amp;ssl=1 150w\" sizes=\"auto, (max-width: 500px) 100vw, 500px\" \/><\/figure>\n<\/figure>\n\n\n\n<figure class=\"wp-block-gallery has-nested-images columns-8 is-cropped wp-block-gallery-3 is-layout-flex wp-block-gallery-is-layout-flex\">\n<figure class=\"wp-block-image size-large\"><img data-recalc-dims=\"1\" loading=\"lazy\" decoding=\"async\" width=\"500\" height=\"500\" data-id=\"1065\" src=\"https:\/\/i0.wp.com\/desconnecta.lampli.com\/wp-content\/uploads\/2025\/01\/buit.png?resize=500%2C500&#038;ssl=1\" alt=\"\" class=\"wp-image-1065\" srcset=\"https:\/\/i0.wp.com\/desconnecta.lampli.com\/wp-content\/uploads\/2025\/01\/buit.png?w=500&amp;ssl=1 500w, https:\/\/i0.wp.com\/desconnecta.lampli.com\/wp-content\/uploads\/2025\/01\/buit.png?resize=300%2C300&amp;ssl=1 300w, https:\/\/i0.wp.com\/desconnecta.lampli.com\/wp-content\/uploads\/2025\/01\/buit.png?resize=150%2C150&amp;ssl=1 150w\" sizes=\"auto, (max-width: 500px) 100vw, 500px\" \/><\/figure>\n\n\n\n<figure class=\"wp-block-image size-full\"><a href=\"https:\/\/www.casadelamusica.cat\/\" target=\"_blank\" rel=\" noreferrer noopener\"><img decoding=\"async\" data-id=\"1572\" src=\"http:\/\/desconnecta.lampli.com\/wp-content\/uploads\/2025\/10\/logo_Casesdelamusica.svg\" alt=\"\" class=\"wp-image-1572\"\/><\/a><\/figure>\n\n\n\n<figure class=\"wp-block-image size-full\"><a href=\"https:\/\/www.embassat.com\/\" target=\"_blank\" rel=\" noreferrer noopener\"><img decoding=\"async\" data-id=\"1573\" src=\"http:\/\/desconnecta.lampli.com\/wp-content\/uploads\/2025\/10\/logo.embassat.svg\" alt=\"\" class=\"wp-image-1573\"\/><\/a><\/figure>\n\n\n\n<figure class=\"wp-block-image size-full\"><a href=\"https:\/\/festiuet.cat\/\" target=\"_blank\" rel=\" noreferrer noopener\"><img decoding=\"async\" data-id=\"1574\" src=\"http:\/\/desconnecta.lampli.com\/wp-content\/uploads\/2025\/10\/LogoFestiuet.svg\" alt=\"\" class=\"wp-image-1574\"\/><\/a><\/figure>\n\n\n\n<figure class=\"wp-block-image size-full\"><a href=\"https:\/\/www.garrinada.cat\/\" target=\"_blank\" rel=\" noreferrer noopener\"><img decoding=\"async\" data-id=\"1575\" src=\"http:\/\/desconnecta.lampli.com\/wp-content\/uploads\/2025\/10\/LogoGarrinada.svg\" alt=\"\" class=\"wp-image-1575\"\/><\/a><\/figure>\n\n\n\n<figure class=\"wp-block-image size-large\"><img data-recalc-dims=\"1\" loading=\"lazy\" decoding=\"async\" width=\"500\" height=\"500\" data-id=\"1067\" src=\"https:\/\/i0.wp.com\/desconnecta.lampli.com\/wp-content\/uploads\/2025\/01\/buit_2.png?resize=500%2C500&#038;ssl=1\" alt=\"\" class=\"wp-image-1067\" srcset=\"https:\/\/i0.wp.com\/desconnecta.lampli.com\/wp-content\/uploads\/2025\/01\/buit_2.png?w=500&amp;ssl=1 500w, https:\/\/i0.wp.com\/desconnecta.lampli.com\/wp-content\/uploads\/2025\/01\/buit_2.png?resize=300%2C300&amp;ssl=1 300w, https:\/\/i0.wp.com\/desconnecta.lampli.com\/wp-content\/uploads\/2025\/01\/buit_2.png?resize=150%2C150&amp;ssl=1 150w\" sizes=\"auto, (max-width: 500px) 100vw, 500px\" \/><\/figure>\n<\/figure>\n\n\n\n<div style=\"height:50px\" aria-hidden=\"true\" class=\"wp-block-spacer\"><\/div>\n\n\n\n<p class=\"has-text-color\" style=\"color:#fd2017\"><strong>A. BASES, CRITERIS GENERALS I INSCRIPCIONS<\/strong><\/p>\n\n\n\n<p>1. <strong>Desconnecta<\/strong>, mostra de m\u00fasica jove, neix amb la intenci\u00f3 de promocionar i donar suport a la m\u00fasica jove, prestant una especial atenci\u00f3 a la perspectiva de g\u00e8nere i la promoci\u00f3 de l\u2019\u00fas del catal\u00e0 (vegeu punt 3). L\u2019organitzaci\u00f3, a m\u00e9s, no tanca la porta a incorporar nous objectius que permetin utilitzar la m\u00fasica com a eina de canvi.<\/p>\n\n\n\n<p>2. Qualsevol estil musical t\u00e9 cabuda al Desconnecta, sempre que els textos evitin refer\u00e8ncies sexistes, racistes, xen\u00f2fobes, hom\u00f2fobes, tr\u00e0nsfobes i, en general, discriminadores de cap col\u00b7lectiu minoritzat.&nbsp;<\/p>\n\n\n\n<p>3. Entenem que la mostra ha de recolzar la m\u00fasica cantada en catal\u00e0, en la seva condici\u00f3 de llengua minorit\u00e0ria, per\u00f2 sense que aquest suport esdevingui excloent, estant oberta a lletres en qualsevol idioma.&nbsp;<\/p>\n\n\n\n<p>4. Per fer la inscripci\u00f3, s\u2019ha d\u2019omplir el formulari de l\u2019apartat \u201cInscripci\u00f3\u201d. En cas de ser menor d\u2019edat cal complimentar una autoritzaci\u00f3 dels tutors , que es pot descarregar <a href=\"http:\/\/desconnecta.cat\/autoritzacio_menors.pdf\"><strong>AQU\u00cd<\/strong><\/a>.&nbsp;<\/p>\n\n\n\n<p class=\"has-text-color has-link-color has-medium-font-size wp-elements-759c00a561cc7e6df2883530dacb753d\" style=\"color:#fd2017\">El per\u00edode d\u2019inscripci\u00f3 ser\u00e0 del <strong>20 de maig al 20 de juliol de 2025.<\/strong><\/p>\n\n\n\n<p>5. De totes les propostes rebudes, l\u2019organitzaci\u00f3 seleccionar\u00e0 un m\u00e0xim de <strong>7 bandes<\/strong>. Les bandes participants seran presentades en una roda de premsa a Llu\u00efsos de Gr\u00e0cia i <strong>la seva assist\u00e8ncia a l\u2019acte de presentaci\u00f3 \u00e9s obligada<\/strong>.<\/p>\n\n\n\n<p>6. Les bandes seran seleccionades per un jurat format per membres de l\u2019organitzaci\u00f3 i professionals de l\u2019\u00e0mbit musical.&nbsp;<\/p>\n\n\n\n<p>7. La participaci\u00f3 al Desconnecta 2025 implica l\u2019acceptaci\u00f3 d\u2019aquestes bases i l\u2019organitzaci\u00f3 es reserva el dret de resoldre qualsevol situaci\u00f3 no prevista de la manera que consideri m\u00e9s adient.<\/p>\n\n\n\n<p>8. L\u2019organitzaci\u00f3 es reserva el dret d\u2019utilitzar el material rebut per fer difusi\u00f3 del Desconnecta a mitjans de comunicaci\u00f3, web, xarxes, etc.<\/p>\n\n\n\n<p class=\"has-text-color has-link-color wp-elements-2b57132918d8faedb588e465bfcf8203\" style=\"color:#fd2017\"><strong>B. LA MOSTRA<\/strong><\/p>\n\n\n\n<p>1. Els concerts es faran a la Pla\u00e7a del Nord. Seran gratu\u00efts i oberts a tothom.<\/p>\n\n\n\n<p>Els grups seleccionats hauran de tocar en directe un repertori d\u2019entre 20 i 30 minuts, incloent-hi de forma <strong>OBLIGAT\u00d2RIA<\/strong> el material presentat en el proc\u00e9s d\u2019inscripci\u00f3.<\/p>\n\n\n\n<p><em>Nota: tant les dates com els espais poden variar per motius organitzatius (s\u2019informar\u00e0 a les bandes amb antelaci\u00f3).<\/em><\/p>\n\n\n\n<p class=\"has-text-color has-link-color wp-elements-654205e1e57cd15adf6bc768fe8bb703\" style=\"color:#fd2017\"><strong>C. DIN\u00c0MICA<\/strong><\/p>\n\n\n\n<p>1. Els grups participants hauran de portar els seus instruments i amplificadors, i hauran d\u2019adaptar-se als <em>riders<\/em> dels espais on es faran els concerts. En cap cas se\u2019n podr\u00e0 modificar la seva estructura t\u00e8cnica. Per la seva banda, l\u2019organitzaci\u00f3 proporcionar\u00e0 l\u2019escenari, equip de so, personal t\u00e8cnic i il\u00b7luminaci\u00f3.<\/p>\n\n\n\n<p>2. Les proves de so es faran al mat\u00ed del dia de la mostra, cal que els grups tinguin disponibilitat completa aquest dia.<\/p>\n\n\n\n<p>3. Abans de cada concert es far\u00e0 una reuni\u00f3 per aclarir temes t\u00e8cnics del <em>rider<\/em> i <em>contrarider<\/em>, i per organitzar el material entre les diferents bandes (pot compartir-se).<\/p>\n\n\n\n<p>4. Els participants NO PODEN tenir cap mena de contracte amb alguna companyia discogr\u00e0fica.<\/p>\n\n\n\n<p class=\"has-text-color has-link-color wp-elements-c93c5cd9b8d381e2d628ac30b34ab0a8\" style=\"color:#fd2017\"><strong>D. REQUISITS DE PARTICIPACI\u00d3<\/strong><\/p>\n\n\n\n<p>1. Els participants hauran de tenir un m\u00e0xim de <strong>29 anys<\/strong> amb la intenci\u00f3 de no desvirtuar l\u2019objectiu de la mostra.<\/p>\n\n\n\n<p>2. Com a criteri de selecci\u00f3, l\u2019organitzaci\u00f3 tindr\u00e0 en compte l\u2019originalitat i la qualitat de la proposta musical, aix\u00ed com el fet que siguin propostes noves i de bandes novelles formades per joves m\u00fasics.<\/p>\n\n\n\n<p>3. Es valorar\u00e0 la pres\u00e8ncia de bandes constitu\u00efdes per una majoria de dones i\/o que hi hagi una dona a primera l\u00ednia de l\u2019escenari (<em>frontwoman<\/em>).<\/p>\n\n\n\n<p>4. Es valorar\u00e0 l\u2019\u00fas del catal\u00e0.<\/p>\n\n\n\n<p>5. No s\u2019accepten grups \u00fanicament de versions, almenys un 80% dels temes presentats han de ser propis.<\/p>\n\n\n\n<p><strong>F. MENCIONS<\/strong><\/p>\n\n\n\n<p>Visiteu la <a href=\"http:\/\/www.desconnecta.cat\/index.php\/mencions\/\"><strong>P\u00c0GINA ESPEC\u00cdFICA<\/strong><\/a> per a m\u00e9s informaci\u00f3.<\/p>\n\n\n\n<p><strong>G. EL JURAT<\/strong><\/p>\n\n\n\n<p>El jurat ser\u00e0 paritari, i estar\u00e0 format per persones expertes del sector musical i cultural.<\/p>\n\n\n<div style=\"gap: 20px;\" class=\"align-button-center ub-buttons orientation-button-row ub-flex-wrap wp-block-ub-button\" id=\"ub-button-6a1e90fe-2187-49b2-9fbf-e7940297de1d\"><div class=\"ub-button-container\">\n\t\t\t<a href=\"http:\/\/www.desconnecta.cat\/index.php\" target=\"_self\" class=\"ub-button-block-main  \" role=\"button\" style=\"--ub-button-background-color: #fd2017; --ub-button-color: #ffffff; --ub-button-border: none; --ub-button-hover-background-color: #313131; --ub-button-hover-color: #ffffff; --ub-button-hover-border: none; font-size: 17px; width: 200px; padding-top: 10px; padding-right: 10px; padding-bottom: 10px; padding-left: 10px; border-top-left-radius: 0px;; border-top-right-radius: 0px;; border-bottom-left-radius: 0px;; border-bottom-right-radius: 0px;; \">\n\t\t\t\t<div class=\"ub-button-content-holder\" style=\"flex-direction: row\">\n\t\t\t\t\t<span class=\"ub-button-block-btn\">INICI<\/span>\n\t\t\t\t<\/div>\n\t\t\t<\/a>\n\t\t<\/div><div class=\"ub-button-container\">\n\t\t\t<a href=\"http:\/\/www.desconnecta.cat\/index.php\/inscripcio\/\" target=\"_self\" rel=\"nofollow\" class=\"ub-button-block-main  \" role=\"button\" style=\"--ub-button-background-color: #fd2017; --ub-button-color: #ffffff; --ub-button-border: none; --ub-button-hover-background-color: #313131; --ub-button-hover-color: #ffffff; --ub-button-hover-border: none; padding-top: 10px; padding-right: 10px; padding-bottom: 10px; padding-left: 10px; border-top-left-radius: 0px;; border-top-right-radius: 0px;; border-bottom-left-radius: 0px;; border-bottom-right-radius: 0px;; \">\n\t\t\t\t<div class=\"ub-button-content-holder\" style=\"flex-direction: row\">\n\t\t\t\t\t<span class=\"ub-button-block-btn\">INSCRIPCI\u00d3<\/span>\n\t\t\t\t<\/div>\n\t\t\t<\/a>\n\t\t<\/div><\/div>\n\n\n<p><\/p>\n","protected":false},"excerpt":{"rendered":"<p>Organitzen Col\u00b7laboren A. BASES, CRITERIS GENERALS I INSCRIPCIONS 1. Desconnecta, mostra de m\u00fasica jove, neix amb la intenci\u00f3 de promocionar i donar suport a la m\u00fasica jove, prestant una especial atenci\u00f3 a la perspectiva de g\u00e8nere i la promoci\u00f3 de l\u2019\u00fas del catal\u00e0 (vegeu punt 3). L\u2019organitzaci\u00f3, a m\u00e9s, no tanca la porta a incorporar [&hellip;]<\/p>\n","protected":false},"author":1,"featured_media":0,"parent":0,"menu_order":0,"comment_status":"closed","ping_status":"closed","template":"","meta":{"_uag_custom_page_level_css":"","_monsterinsights_skip_tracking":false,"_monsterinsights_sitenote_active":false,"_monsterinsights_sitenote_note":"","_monsterinsights_sitenote_category":0,"footnotes":""},"class_list":["post-17","page","type-page","status-publish","hentry"],"featured_image_src":null,"uagb_featured_image_src":{"full":false,"thumbnail":false,"medium":false,"medium_large":false,"large":false,"1536x1536":false,"2048x2048":false,"masteriyo_single":false,"masteriyo_thumbnail":false,"masteriyo_medium":false,"awb_sm":false,"awb_md":false,"awb_lg":false,"awb_xl":false},"uagb_author_info":{"display_name":"areuss","author_link":"https:\/\/desconnecta.lampli.com\/index.php\/author\/areuss\/"},"uagb_comment_info":0,"uagb_excerpt":"Organitzen Col\u00b7laboren A. BASES, CRITERIS GENERALS I INSCRIPCIONS 1. Desconnecta, mostra de m\u00fasica jove, neix amb la intenci\u00f3 de promocionar i donar suport a la m\u00fasica jove, prestant una especial atenci\u00f3 a la perspectiva de g\u00e8nere i la promoci\u00f3 de l\u2019\u00fas del catal\u00e0 (vegeu punt 3). L\u2019organitzaci\u00f3, a m\u00e9s, no tanca la porta a incorporar&hellip;","jetpack_sharing_enabled":true,"_links":{"self":[{"href":"https:\/\/desconnecta.lampli.com\/index.php\/wp-json\/wp\/v2\/pages\/17","targetHints":{"allow":["GET"]}}],"collection":[{"href":"https:\/\/desconnecta.lampli.com\/index.php\/wp-json\/wp\/v2\/pages"}],"about":[{"href":"https:\/\/desconnecta.lampli.com\/index.php\/wp-json\/wp\/v2\/types\/page"}],"author":[{"embeddable":true,"href":"https:\/\/desconnecta.lampli.com\/index.php\/wp-json\/wp\/v2\/users\/1"}],"replies":[{"embeddable":true,"href":"https:\/\/desconnecta.lampli.com\/index.php\/wp-json\/wp\/v2\/comments?post=17"}],"version-history":[{"count":54,"href":"https:\/\/desconnecta.lampli.com\/index.php\/wp-json\/wp\/v2\/pages\/17\/revisions"}],"predecessor-version":[{"id":1578,"href":"https:\/\/desconnecta.lampli.com\/index.php\/wp-json\/wp\/v2\/pages\/17\/revisions\/1578"}],"wp:attachment":[{"href":"https:\/\/desconnecta.lampli.com\/index.php\/wp-json\/wp\/v2\/media?parent=17"}],"curies":[{"name":"wp","href":"https:\/\/api.w.org\/{rel}","templated":true}]}}