{"id":835,"date":"2022-07-19T10:23:54","date_gmt":"2022-07-19T08:23:54","guid":{"rendered":"https:\/\/desconnecta.lampli.com\/?page_id=835"},"modified":"2022-07-19T12:21:29","modified_gmt":"2022-07-19T10:21:29","slug":"montflorit","status":"publish","type":"page","link":"https:\/\/desconnecta.lampli.com\/index.php\/montflorit\/","title":{"rendered":"MONTFLORIT"},"content":{"rendered":"<div class=\"wp-block-image\">\n<figure class=\"aligncenter size-full\"><img data-recalc-dims=\"1\" loading=\"lazy\" decoding=\"async\" width=\"640\" height=\"435\" src=\"https:\/\/i0.wp.com\/desconnecta.lampli.com\/wp-content\/uploads\/2022\/07\/montflorit.jpg?resize=640%2C435&#038;ssl=1\" alt=\"\" class=\"wp-image-842\" srcset=\"https:\/\/i0.wp.com\/desconnecta.lampli.com\/wp-content\/uploads\/2022\/07\/montflorit.jpg?w=919&amp;ssl=1 919w, https:\/\/i0.wp.com\/desconnecta.lampli.com\/wp-content\/uploads\/2022\/07\/montflorit.jpg?resize=300%2C204&amp;ssl=1 300w, https:\/\/i0.wp.com\/desconnecta.lampli.com\/wp-content\/uploads\/2022\/07\/montflorit.jpg?resize=768%2C521&amp;ssl=1 768w, https:\/\/i0.wp.com\/desconnecta.lampli.com\/wp-content\/uploads\/2022\/07\/montflorit.jpg?resize=500%2C339&amp;ssl=1 500w, https:\/\/i0.wp.com\/desconnecta.lampli.com\/wp-content\/uploads\/2022\/07\/montflorit.jpg?resize=800%2C543&amp;ssl=1 800w\" sizes=\"auto, (max-width: 640px) 100vw, 640px\" \/><\/figure>\n<\/div>\n\n\n<ul class=\"wp-block-social-links aligncenter is-layout-flex wp-block-social-links-is-layout-flex\"><li class=\"wp-social-link wp-social-link-bandcamp  wp-block-social-link\"><a rel=\"noopener nofollow\" target=\"_blank\" href=\"https:\/\/montflorit.bandcamp.com\/\" class=\"wp-block-social-link-anchor\"><svg width=\"24\" height=\"24\" viewBox=\"0 0 24 24\" version=\"1.1\" xmlns=\"http:\/\/www.w3.org\/2000\/svg\" aria-hidden=\"true\" focusable=\"false\"><path d=\"M15.27 17.289 3 17.289 8.73 6.711 21 6.711 15.27 17.289\"><\/path><\/svg><span class=\"wp-block-social-link-label screen-reader-text\">Bandcamp<\/span><\/a><\/li>\n\n<li class=\"wp-social-link wp-social-link-spotify  wp-block-social-link\"><a rel=\"noopener nofollow\" target=\"_blank\" href=\"https:\/\/open.spotify.com\/artist\/7F17NkqgROfP82SrKnT0ce\" class=\"wp-block-social-link-anchor\"><svg width=\"24\" height=\"24\" viewBox=\"0 0 24 24\" version=\"1.1\" xmlns=\"http:\/\/www.w3.org\/2000\/svg\" aria-hidden=\"true\" focusable=\"false\"><path d=\"M12,2C6.477,2,2,6.477,2,12c0,5.523,4.477,10,10,10c5.523,0,10-4.477,10-10C22,6.477,17.523,2,12,2 M16.586,16.424 c-0.18,0.295-0.563,0.387-0.857,0.207c-2.348-1.435-5.304-1.76-8.785-0.964c-0.335,0.077-0.67-0.133-0.746-0.469 c-0.077-0.335,0.132-0.67,0.469-0.746c3.809-0.871,7.077-0.496,9.713,1.115C16.673,15.746,16.766,16.13,16.586,16.424 M17.81,13.7 c-0.226,0.367-0.706,0.482-1.072,0.257c-2.687-1.652-6.785-2.131-9.965-1.166C6.36,12.917,5.925,12.684,5.8,12.273 C5.675,11.86,5.908,11.425,6.32,11.3c3.632-1.102,8.147-0.568,11.234,1.328C17.92,12.854,18.035,13.335,17.81,13.7 M17.915,10.865 c-3.223-1.914-8.54-2.09-11.618-1.156C5.804,9.859,5.281,9.58,5.131,9.086C4.982,8.591,5.26,8.069,5.755,7.919 c3.532-1.072,9.404-0.865,13.115,1.338c0.445,0.264,0.59,0.838,0.327,1.282C18.933,10.983,18.359,11.129,17.915,10.865\"><\/path><\/svg><span class=\"wp-block-social-link-label screen-reader-text\">Spotify<\/span><\/a><\/li>\n\n<li class=\"wp-social-link wp-social-link-instagram  wp-block-social-link\"><a rel=\"noopener nofollow\" target=\"_blank\" href=\"https:\/\/www.instagram.com\/montfloritgrup\/\" class=\"wp-block-social-link-anchor\"><svg width=\"24\" height=\"24\" viewBox=\"0 0 24 24\" version=\"1.1\" xmlns=\"http:\/\/www.w3.org\/2000\/svg\" aria-hidden=\"true\" focusable=\"false\"><path d=\"M12,4.622c2.403,0,2.688,0.009,3.637,0.052c0.877,0.04,1.354,0.187,1.671,0.31c0.42,0.163,0.72,0.358,1.035,0.673 c0.315,0.315,0.51,0.615,0.673,1.035c0.123,0.317,0.27,0.794,0.31,1.671c0.043,0.949,0.052,1.234,0.052,3.637 s-0.009,2.688-0.052,3.637c-0.04,0.877-0.187,1.354-0.31,1.671c-0.163,0.42-0.358,0.72-0.673,1.035 c-0.315,0.315-0.615,0.51-1.035,0.673c-0.317,0.123-0.794,0.27-1.671,0.31c-0.949,0.043-1.233,0.052-3.637,0.052 s-2.688-0.009-3.637-0.052c-0.877-0.04-1.354-0.187-1.671-0.31c-0.42-0.163-0.72-0.358-1.035-0.673 c-0.315-0.315-0.51-0.615-0.673-1.035c-0.123-0.317-0.27-0.794-0.31-1.671C4.631,14.688,4.622,14.403,4.622,12 s0.009-2.688,0.052-3.637c0.04-0.877,0.187-1.354,0.31-1.671c0.163-0.42,0.358-0.72,0.673-1.035 c0.315-0.315,0.615-0.51,1.035-0.673c0.317-0.123,0.794-0.27,1.671-0.31C9.312,4.631,9.597,4.622,12,4.622 M12,3 C9.556,3,9.249,3.01,8.289,3.054C7.331,3.098,6.677,3.25,6.105,3.472C5.513,3.702,5.011,4.01,4.511,4.511 c-0.5,0.5-0.808,1.002-1.038,1.594C3.25,6.677,3.098,7.331,3.054,8.289C3.01,9.249,3,9.556,3,12c0,2.444,0.01,2.751,0.054,3.711 c0.044,0.958,0.196,1.612,0.418,2.185c0.23,0.592,0.538,1.094,1.038,1.594c0.5,0.5,1.002,0.808,1.594,1.038 c0.572,0.222,1.227,0.375,2.185,0.418C9.249,20.99,9.556,21,12,21s2.751-0.01,3.711-0.054c0.958-0.044,1.612-0.196,2.185-0.418 c0.592-0.23,1.094-0.538,1.594-1.038c0.5-0.5,0.808-1.002,1.038-1.594c0.222-0.572,0.375-1.227,0.418-2.185 C20.99,14.751,21,14.444,21,12s-0.01-2.751-0.054-3.711c-0.044-0.958-0.196-1.612-0.418-2.185c-0.23-0.592-0.538-1.094-1.038-1.594 c-0.5-0.5-1.002-0.808-1.594-1.038c-0.572-0.222-1.227-0.375-2.185-0.418C14.751,3.01,14.444,3,12,3L12,3z M12,7.378 c-2.552,0-4.622,2.069-4.622,4.622S9.448,16.622,12,16.622s4.622-2.069,4.622-4.622S14.552,7.378,12,7.378z M12,15 c-1.657,0-3-1.343-3-3s1.343-3,3-3s3,1.343,3,3S13.657,15,12,15z M16.804,6.116c-0.596,0-1.08,0.484-1.08,1.08 s0.484,1.08,1.08,1.08c0.596,0,1.08-0.484,1.08-1.08S17.401,6.116,16.804,6.116z\"><\/path><\/svg><span class=\"wp-block-social-link-label screen-reader-text\">Instagram<\/span><\/a><\/li>\n\n<li class=\"wp-social-link wp-social-link-youtube  wp-block-social-link\"><a rel=\"noopener nofollow\" target=\"_blank\" href=\"https:\/\/www.youtube.com\/channel\/UCW3jTXmARz7tH_VklrEQl2A\" class=\"wp-block-social-link-anchor\"><svg width=\"24\" height=\"24\" viewBox=\"0 0 24 24\" version=\"1.1\" xmlns=\"http:\/\/www.w3.org\/2000\/svg\" aria-hidden=\"true\" focusable=\"false\"><path d=\"M21.8,8.001c0,0-0.195-1.378-0.795-1.985c-0.76-0.797-1.613-0.801-2.004-0.847c-2.799-0.202-6.997-0.202-6.997-0.202 h-0.009c0,0-4.198,0-6.997,0.202C4.608,5.216,3.756,5.22,2.995,6.016C2.395,6.623,2.2,8.001,2.2,8.001S2,9.62,2,11.238v1.517 c0,1.618,0.2,3.237,0.2,3.237s0.195,1.378,0.795,1.985c0.761,0.797,1.76,0.771,2.205,0.855c1.6,0.153,6.8,0.201,6.8,0.201 s4.203-0.006,7.001-0.209c0.391-0.047,1.243-0.051,2.004-0.847c0.6-0.607,0.795-1.985,0.795-1.985s0.2-1.618,0.2-3.237v-1.517 C22,9.62,21.8,8.001,21.8,8.001z M9.935,14.594l-0.001-5.62l5.404,2.82L9.935,14.594z\"><\/path><\/svg><span class=\"wp-block-social-link-label screen-reader-text\">YouTube<\/span><\/a><\/li>\n\n<li class=\"wp-social-link wp-social-link-mail  wp-block-social-link\"><a rel=\"noopener nofollow\" target=\"_blank\" href=\"mailto:\/\/montfloritgrup@gmail.com\" class=\"wp-block-social-link-anchor\"><svg width=\"24\" height=\"24\" viewBox=\"0 0 24 24\" version=\"1.1\" xmlns=\"http:\/\/www.w3.org\/2000\/svg\" aria-hidden=\"true\" focusable=\"false\"><path d=\"M19,5H5c-1.1,0-2,.9-2,2v10c0,1.1.9,2,2,2h14c1.1,0,2-.9,2-2V7c0-1.1-.9-2-2-2zm.5,12c0,.3-.2.5-.5.5H5c-.3,0-.5-.2-.5-.5V9.8l7.5,5.6,7.5-5.6V17zm0-9.1L12,13.6,4.5,7.9V7c0-.3.2-.5.5-.5h14c.3,0,.5.2.5.5v.9z\"><\/path><\/svg><span class=\"wp-block-social-link-label screen-reader-text\">Correu electr\u00f2nic<\/span><\/a><\/li><\/ul>\n\n\n\n<p>Montflorit, banda de Cerdanyola del Vall\u00e8s, fou guardonada amb la menci\u00f3 \u00c7 Trencada a la 6a edici\u00f3 del DescoNNecta. <\/p>\n\n\n\n<p>La formaci\u00f3 neix en ple confinament, per\u00f2 malgrat la situaci\u00f3 de pand\u00e8mia aconsegueix gravar els primers temes a La Fundici\u00f3n Sonora. <\/p>\n\n\n\n<p>Les inquietuds musicals caracteritzen les can\u00e7ons i afegeixen personalitat a cada un dels talls sense perdre cohesi\u00f3. Guitarres psicod\u00e8liques, lletres personals, bases amb alegria r\u00edtmica i llengua catalana. Entre les seves refer\u00e8ncies musicals es troben Cala Vento, El Petit de Cal Eril i Real Estate.<\/p>\n\n\n\n<ul class=\"wp-block-list\"><li>Ignasi (veu i guitarra)<\/li><li>Mar (guitarra)<\/li><li>Pau (bateria)<\/li><li>Wini (baix)<\/li><\/ul>\n\n\n<div style=\"gap: 20px;\" class=\"align-button-center ub-buttons orientation-button-row ub-flex-wrap wp-block-ub-button\" id=\"ub-button-b705386d-2ff2-4c41-9160-6b4d36b85351\"><div class=\"ub-button-container\">\n\t\t\t<a href=\"http:\/\/desconnecta.cat\/\" target=\"_self\" class=\"ub-button-block-main  \" role=\"button\" style=\"--ub-button-background-color: #0002fe; --ub-button-color: #ffffff; --ub-button-border: none; --ub-button-hover-background-color: #313131; --ub-button-hover-color: #ffffff; --ub-button-hover-border: none; padding-top: 10px; padding-right: 10px; padding-bottom: 10px; padding-left: 10px; \">\n\t\t\t\t<div class=\"ub-button-content-holder\" style=\"flex-direction: row\">\n\t\t\t\t\t<span class=\"ub-button-block-btn\">INICI<\/span>\n\t\t\t\t<\/div>\n\t\t\t<\/a>\n\t\t<\/div><div class=\"ub-button-container\">\n\t\t\t<a href=\"http:\/\/desconnecta.cat\/index.php\/cataleg-de-bandes\/\" target=\"_self\" rel=\"nofollow\" class=\"ub-button-block-main  \" role=\"button\" style=\"--ub-button-background-color: #0002fe; --ub-button-color: #ffffff; --ub-button-border: none; --ub-button-hover-background-color: #313131; --ub-button-hover-color: #ffffff; --ub-button-hover-border: none; padding-top: 10px; padding-right: 10px; padding-bottom: 10px; padding-left: 10px; \">\n\t\t\t\t<div class=\"ub-button-content-holder\" style=\"flex-direction: row\">\n\t\t\t\t\t<span class=\"ub-button-block-btn\">CAT\u00c0LEG DE BANDES<\/span>\n\t\t\t\t<\/div>\n\t\t\t<\/a>\n\t\t<\/div><\/div>","protected":false},"excerpt":{"rendered":"<p>Montflorit, banda de Cerdanyola del Vall\u00e8s, fou guardonada amb la menci\u00f3 \u00c7 Trencada a la 6a edici\u00f3 del DescoNNecta. La formaci\u00f3 neix en ple confinament, per\u00f2 malgrat la situaci\u00f3 de pand\u00e8mia aconsegueix gravar els primers temes a La Fundici\u00f3n Sonora. Les inquietuds musicals caracteritzen les can\u00e7ons i afegeixen personalitat a cada un dels talls sense [&hellip;]<\/p>\n","protected":false},"author":1,"featured_media":714,"parent":0,"menu_order":0,"comment_status":"closed","ping_status":"closed","template":"","meta":{"_uag_custom_page_level_css":"","_monsterinsights_skip_tracking":false,"_monsterinsights_sitenote_active":false,"_monsterinsights_sitenote_note":"","_monsterinsights_sitenote_category":0,"footnotes":""},"class_list":["post-835","page","type-page","status-publish","has-post-thumbnail","hentry"],"featured_image_src":"https:\/\/i0.wp.com\/desconnecta.lampli.com\/wp-content\/uploads\/2022\/07\/wood.jpg?fit=1200%2C796&ssl=1","uagb_featured_image_src":{"full":["https:\/\/i0.wp.com\/desconnecta.lampli.com\/wp-content\/uploads\/2022\/07\/wood.jpg?fit=1200%2C796&ssl=1",1200,796,false],"thumbnail":["https:\/\/i0.wp.com\/desconnecta.lampli.com\/wp-content\/uploads\/2022\/07\/wood.jpg?resize=150%2C150&ssl=1",150,150,true],"medium":["https:\/\/i0.wp.com\/desconnecta.lampli.com\/wp-content\/uploads\/2022\/07\/wood.jpg?fit=300%2C199&ssl=1",300,199,true],"medium_large":["https:\/\/i0.wp.com\/desconnecta.lampli.com\/wp-content\/uploads\/2022\/07\/wood.jpg?fit=640%2C424&ssl=1",640,424,true],"large":["https:\/\/i0.wp.com\/desconnecta.lampli.com\/wp-content\/uploads\/2022\/07\/wood.jpg?fit=640%2C424&ssl=1",640,424,true],"1536x1536":["https:\/\/i0.wp.com\/desconnecta.lampli.com\/wp-content\/uploads\/2022\/07\/wood.jpg?fit=1200%2C796&ssl=1",1200,796,true],"2048x2048":["https:\/\/i0.wp.com\/desconnecta.lampli.com\/wp-content\/uploads\/2022\/07\/wood.jpg?fit=1200%2C796&ssl=1",1200,796,true],"masteriyo_single":["https:\/\/i0.wp.com\/desconnecta.lampli.com\/wp-content\/uploads\/2022\/07\/wood.jpg?resize=1200%2C796&ssl=1",1200,796,true],"masteriyo_thumbnail":["https:\/\/i0.wp.com\/desconnecta.lampli.com\/wp-content\/uploads\/2022\/07\/wood.jpg?resize=540%2C340&ssl=1",540,340,true],"masteriyo_medium":["https:\/\/i0.wp.com\/desconnecta.lampli.com\/wp-content\/uploads\/2022\/07\/wood.jpg?resize=360%2C224&ssl=1",360,224,true],"awb_sm":["https:\/\/i0.wp.com\/desconnecta.lampli.com\/wp-content\/uploads\/2022\/07\/wood.jpg?fit=500%2C332&ssl=1",500,332,true],"awb_md":["https:\/\/i0.wp.com\/desconnecta.lampli.com\/wp-content\/uploads\/2022\/07\/wood.jpg?fit=800%2C531&ssl=1",800,531,true],"awb_lg":["https:\/\/i0.wp.com\/desconnecta.lampli.com\/wp-content\/uploads\/2022\/07\/wood.jpg?fit=1200%2C796&ssl=1",1200,796,true],"awb_xl":["https:\/\/i0.wp.com\/desconnecta.lampli.com\/wp-content\/uploads\/2022\/07\/wood.jpg?fit=1200%2C796&ssl=1",1200,796,true]},"uagb_author_info":{"display_name":"areuss","author_link":"https:\/\/desconnecta.lampli.com\/index.php\/author\/areuss\/"},"uagb_comment_info":0,"uagb_excerpt":"Montflorit, banda de Cerdanyola del Vall\u00e8s, fou guardonada amb la menci\u00f3 \u00c7 Trencada a la 6a edici\u00f3 del DescoNNecta. La formaci\u00f3 neix en ple confinament, per\u00f2 malgrat la situaci\u00f3 de pand\u00e8mia aconsegueix gravar els primers temes a La Fundici\u00f3n Sonora. Les inquietuds musicals caracteritzen les can\u00e7ons i afegeixen personalitat a cada un dels talls sense&hellip;","jetpack_sharing_enabled":true,"_links":{"self":[{"href":"https:\/\/desconnecta.lampli.com\/index.php\/wp-json\/wp\/v2\/pages\/835","targetHints":{"allow":["GET"]}}],"collection":[{"href":"https:\/\/desconnecta.lampli.com\/index.php\/wp-json\/wp\/v2\/pages"}],"about":[{"href":"https:\/\/desconnecta.lampli.com\/index.php\/wp-json\/wp\/v2\/types\/page"}],"author":[{"embeddable":true,"href":"https:\/\/desconnecta.lampli.com\/index.php\/wp-json\/wp\/v2\/users\/1"}],"replies":[{"embeddable":true,"href":"https:\/\/desconnecta.lampli.com\/index.php\/wp-json\/wp\/v2\/comments?post=835"}],"version-history":[{"count":6,"href":"https:\/\/desconnecta.lampli.com\/index.php\/wp-json\/wp\/v2\/pages\/835\/revisions"}],"predecessor-version":[{"id":852,"href":"https:\/\/desconnecta.lampli.com\/index.php\/wp-json\/wp\/v2\/pages\/835\/revisions\/852"}],"wp:featuredmedia":[{"embeddable":true,"href":"https:\/\/desconnecta.lampli.com\/index.php\/wp-json\/wp\/v2\/media\/714"}],"wp:attachment":[{"href":"https:\/\/desconnecta.lampli.com\/index.php\/wp-json\/wp\/v2\/media?parent=835"}],"curies":[{"name":"wp","href":"https:\/\/api.w.org\/{rel}","templated":true}]}}